{"id":9478,"date":"2021-12-19T16:23:04","date_gmt":"2021-12-19T16:23:04","guid":{"rendered":"https:\/\/bioinka.ch\/privacy-policy\/"},"modified":"2023-06-02T17:06:28","modified_gmt":"2023-06-02T15:06:28","slug":"privacy-policy","status":"publish","type":"page","link":"https:\/\/bioinka.ch\/en\/privacy-policy\/","title":{"rendered":"Privacy statement"},"content":{"rendered":"\t\t<div data-elementor-type=\"wp-page\" data-elementor-id=\"9478\" class=\"elementor elementor-9478 elementor-3\" data-elementor-post-type=\"page\">\n\t\t\t\t\t\t<section class=\"elementor-section elementor-top-section elementor-element elementor-element-80ec0f2 elementor-section-boxed elementor-section-height-default elementor-section-height-default\" data-id=\"80ec0f2\" data-element_type=\"section\">\n\t\t\t\t\t\t<div class=\"elementor-container elementor-column-gap-default\">\n\t\t\t\t\t<div class=\"elementor-column elementor-col-100 elementor-top-column elementor-element elementor-element-35d4b01a\" data-id=\"35d4b01a\" data-element_type=\"column\">\n\t\t\t<div class=\"elementor-widget-wrap elementor-element-populated\">\n\t\t\t\t\t\t<div class=\"elementor-element elementor-element-45b66dc2 elementor-widget elementor-widget-text-editor\" data-id=\"45b66dc2\" data-element_type=\"widget\" data-widget_type=\"text-editor.default\">\n\t\t\t\t<div class=\"elementor-widget-container\">\n\t\t\t<style>\/*! elementor - v3.21.0 - 26-05-2024 *\/\n.elementor-widget-text-editor.elementor-drop-cap-view-stacked .elementor-drop-cap{background-color:#69727d;color:#fff}.elementor-widget-text-editor.elementor-drop-cap-view-framed .elementor-drop-cap{color:#69727d;border:3px solid;background-color:transparent}.elementor-widget-text-editor:not(.elementor-drop-cap-view-default) .elementor-drop-cap{margin-top:8px}.elementor-widget-text-editor:not(.elementor-drop-cap-view-default) .elementor-drop-cap-letter{width:1em;height:1em}.elementor-widget-text-editor .elementor-drop-cap{float:left;text-align:center;line-height:1;font-size:50px}.elementor-widget-text-editor .elementor-drop-cap-letter{display:inline-block}<\/style>\t\t\t\t\n<p><\/p>\n\n\n\n<p><\/p>\n\t\t\t\t\t\t<\/div>\n\t\t\t\t<\/div>\n\t\t\t\t\t<\/div>\n\t\t<\/div>\n\t\t\t\t\t<\/div>\n\t\t<\/section>\n\t\t<div class=\"elementor-element elementor-element-51204c6b e-flex e-con-boxed e-con e-parent\" data-id=\"51204c6b\" data-element_type=\"container\" data-settings=\"{&quot;background_background&quot;:&quot;classic&quot;}\">\n\t\t\t\t\t<div class=\"e-con-inner\">\n\t\t\t\t<div class=\"elementor-element elementor-element-7737a180 elementor-widget elementor-widget-heading\" data-id=\"7737a180\" data-element_type=\"widget\" data-widget_type=\"heading.default\">\n\t\t\t\t<div class=\"elementor-widget-container\">\n\t\t\t<style>\/*! elementor - v3.21.0 - 26-05-2024 *\/\n.elementor-heading-title{padding:0;margin:0;line-height:1}.elementor-widget-heading .elementor-heading-title[class*=elementor-size-]>a{color:inherit;font-size:inherit;line-height:inherit}.elementor-widget-heading .elementor-heading-title.elementor-size-small{font-size:15px}.elementor-widget-heading .elementor-heading-title.elementor-size-medium{font-size:19px}.elementor-widget-heading .elementor-heading-title.elementor-size-large{font-size:29px}.elementor-widget-heading .elementor-heading-title.elementor-size-xl{font-size:39px}.elementor-widget-heading .elementor-heading-title.elementor-size-xxl{font-size:59px}<\/style><h1 class=\"elementor-heading-title elementor-size-default\">BIO INKA<\/h1>\t\t<\/div>\n\t\t\t\t<\/div>\n\t\t\t\t<div class=\"elementor-element elementor-element-3afdc525 elementor-widget elementor-widget-heading\" data-id=\"3afdc525\" data-element_type=\"widget\" data-widget_type=\"heading.default\">\n\t\t\t\t<div class=\"elementor-widget-container\">\n\t\t\t<h1 class=\"elementor-heading-title elementor-size-default\">Charte de confidentialit\u00e9<\/h1>\t\t<\/div>\n\t\t\t\t<\/div>\n\t\t\t\t\t<\/div>\n\t\t\t\t<\/div>\n\t\t<div class=\"elementor-element elementor-element-2fa7e6ab e-flex e-con-boxed e-con e-parent\" data-id=\"2fa7e6ab\" data-element_type=\"container\">\n\t\t\t\t\t<div class=\"e-con-inner\">\n\t\t\t\t<div class=\"elementor-element elementor-element-fadf103 elementor-widget elementor-widget-heading\" data-id=\"fadf103\" data-element_type=\"widget\" data-widget_type=\"heading.default\">\n\t\t\t\t<div class=\"elementor-widget-container\">\n\t\t\t<h2 class=\"elementor-heading-title elementor-size-default\">DONN\u00c9ES QUE NOUS COLLECTONS\n<\/h2>\t\t<\/div>\n\t\t\t\t<\/div>\n\t\t\t\t<div class=\"elementor-element elementor-element-017e3e4 elementor-widget elementor-widget-text-editor\" data-id=\"017e3e4\" data-element_type=\"widget\" data-widget_type=\"text-editor.default\">\n\t\t\t\t<div class=\"elementor-widget-container\">\n\t\t\t\t\t\t\t<p>Nous ne collectons aucune information personnelle des utilisateurs de ce site web, sauf s\u2019ils passent une commande ou demandent des informations. Dans ces cas, seules les informations personnelles saisies volontairement par le visiteur sont stock\u00e9es. Nous n\u2019utilisons pas de cookies de suivi ou de techniques similaires.<\/p>\n\t\t\t\t\t\t<\/div>\n\t\t\t\t<\/div>\n\t\t\t\t<div class=\"elementor-element elementor-element-d8ee147 elementor-widget-divider--view-line elementor-widget elementor-widget-divider\" data-id=\"d8ee147\" data-element_type=\"widget\" data-widget_type=\"divider.default\">\n\t\t\t\t<div class=\"elementor-widget-container\">\n\t\t\t<style>\/*! elementor - v3.21.0 - 26-05-2024 *\/\n.elementor-widget-divider{--divider-border-style:none;--divider-border-width:1px;--divider-color:#0c0d0e;--divider-icon-size:20px;--divider-element-spacing:10px;--divider-pattern-height:24px;--divider-pattern-size:20px;--divider-pattern-url:none;--divider-pattern-repeat:repeat-x}.elementor-widget-divider .elementor-divider{display:flex}.elementor-widget-divider .elementor-divider__text{font-size:15px;line-height:1;max-width:95%}.elementor-widget-divider .elementor-divider__element{margin:0 var(--divider-element-spacing);flex-shrink:0}.elementor-widget-divider .elementor-icon{font-size:var(--divider-icon-size)}.elementor-widget-divider .elementor-divider-separator{display:flex;margin:0;direction:ltr}.elementor-widget-divider--view-line_icon .elementor-divider-separator,.elementor-widget-divider--view-line_text .elementor-divider-separator{align-items:center}.elementor-widget-divider--view-line_icon .elementor-divider-separator:after,.elementor-widget-divider--view-line_icon .elementor-divider-separator:before,.elementor-widget-divider--view-line_text .elementor-divider-separator:after,.elementor-widget-divider--view-line_text .elementor-divider-separator:before{display:block;content:\"\";border-block-end:0;flex-grow:1;border-block-start:var(--divider-border-width) var(--divider-border-style) var(--divider-color)}.elementor-widget-divider--element-align-left .elementor-divider .elementor-divider-separator>.elementor-divider__svg:first-of-type{flex-grow:0;flex-shrink:100}.elementor-widget-divider--element-align-left .elementor-divider-separator:before{content:none}.elementor-widget-divider--element-align-left .elementor-divider__element{margin-left:0}.elementor-widget-divider--element-align-right .elementor-divider .elementor-divider-separator>.elementor-divider__svg:last-of-type{flex-grow:0;flex-shrink:100}.elementor-widget-divider--element-align-right .elementor-divider-separator:after{content:none}.elementor-widget-divider--element-align-right .elementor-divider__element{margin-right:0}.elementor-widget-divider--element-align-start .elementor-divider .elementor-divider-separator>.elementor-divider__svg:first-of-type{flex-grow:0;flex-shrink:100}.elementor-widget-divider--element-align-start .elementor-divider-separator:before{content:none}.elementor-widget-divider--element-align-start .elementor-divider__element{margin-inline-start:0}.elementor-widget-divider--element-align-end .elementor-divider .elementor-divider-separator>.elementor-divider__svg:last-of-type{flex-grow:0;flex-shrink:100}.elementor-widget-divider--element-align-end .elementor-divider-separator:after{content:none}.elementor-widget-divider--element-align-end .elementor-divider__element{margin-inline-end:0}.elementor-widget-divider:not(.elementor-widget-divider--view-line_text):not(.elementor-widget-divider--view-line_icon) .elementor-divider-separator{border-block-start:var(--divider-border-width) var(--divider-border-style) var(--divider-color)}.elementor-widget-divider--separator-type-pattern{--divider-border-style:none}.elementor-widget-divider--separator-type-pattern.elementor-widget-divider--view-line .elementor-divider-separator,.elementor-widget-divider--separator-type-pattern:not(.elementor-widget-divider--view-line) .elementor-divider-separator:after,.elementor-widget-divider--separator-type-pattern:not(.elementor-widget-divider--view-line) .elementor-divider-separator:before,.elementor-widget-divider--separator-type-pattern:not([class*=elementor-widget-divider--view]) .elementor-divider-separator{width:100%;min-height:var(--divider-pattern-height);-webkit-mask-size:var(--divider-pattern-size) 100%;mask-size:var(--divider-pattern-size) 100%;-webkit-mask-repeat:var(--divider-pattern-repeat);mask-repeat:var(--divider-pattern-repeat);background-color:var(--divider-color);-webkit-mask-image:var(--divider-pattern-url);mask-image:var(--divider-pattern-url)}.elementor-widget-divider--no-spacing{--divider-pattern-size:auto}.elementor-widget-divider--bg-round{--divider-pattern-repeat:round}.rtl .elementor-widget-divider .elementor-divider__text{direction:rtl}.e-con-inner>.elementor-widget-divider,.e-con>.elementor-widget-divider{width:var(--container-widget-width,100%);--flex-grow:var(--container-widget-flex-grow)}<\/style>\t\t<div class=\"elementor-divider\">\n\t\t\t<span class=\"elementor-divider-separator\">\n\t\t\t\t\t\t<\/span>\n\t\t<\/div>\n\t\t\t\t<\/div>\n\t\t\t\t<\/div>\n\t\t\t\t<div class=\"elementor-element elementor-element-e92593a elementor-widget elementor-widget-heading\" data-id=\"e92593a\" data-element_type=\"widget\" data-widget_type=\"heading.default\">\n\t\t\t\t<div class=\"elementor-widget-container\">\n\t\t\t<h2 class=\"elementor-heading-title elementor-size-default\">COOKIES<\/h2>\t\t<\/div>\n\t\t\t\t<\/div>\n\t\t\t\t<div class=\"elementor-element elementor-element-75ac815 elementor-widget elementor-widget-text-editor\" data-id=\"75ac815\" data-element_type=\"widget\" data-widget_type=\"text-editor.default\">\n\t\t\t\t<div class=\"elementor-widget-container\">\n\t\t\t\t\t\t\t<p>Un cookie temporaire, propre \u00e0 votre navigateur, est utilis\u00e9 pour stocker les paniers pendant la dur\u00e9e de chaque visite. Ce cookie est automatiquement d\u00e9truit \u00e0 la fermeture du navigateur. Le fournisseur d\u2019h\u00e9bergement peut \u00e9galement utiliser des cookies \u00e0 des fins techniques, comme s\u2019assurer que le navigateur d\u2019un visiteur se connecte toujours au m\u00eame serveur lorsque le trafic est r\u00e9parti entre plusieurs serveurs. Ces cookies techniques peuvent \u00e9galement \u00eatre utilis\u00e9s pour emp\u00eacher les attaques sur l\u2019infrastructure du fournisseur en d\u00e9tectant toute activit\u00e9 inhabituelle provenant de programmes malveillants plut\u00f4t que de visiteurs humains. Aucun de ces cookies ne contient d\u2019informations permettant de vous identifier.<\/p>\n\t\t\t\t\t\t<\/div>\n\t\t\t\t<\/div>\n\t\t\t\t<div class=\"elementor-element elementor-element-f718766 elementor-widget-divider--view-line elementor-widget elementor-widget-divider\" data-id=\"f718766\" data-element_type=\"widget\" data-widget_type=\"divider.default\">\n\t\t\t\t<div class=\"elementor-widget-container\">\n\t\t\t\t\t<div class=\"elementor-divider\">\n\t\t\t<span class=\"elementor-divider-separator\">\n\t\t\t\t\t\t<\/span>\n\t\t<\/div>\n\t\t\t\t<\/div>\n\t\t\t\t<\/div>\n\t\t\t\t<div class=\"elementor-element elementor-element-df355a8 elementor-widget elementor-widget-heading\" data-id=\"df355a8\" data-element_type=\"widget\" data-widget_type=\"heading.default\">\n\t\t\t\t<div class=\"elementor-widget-container\">\n\t\t\t<h2 class=\"elementor-heading-title elementor-size-default\">S\u00c9CURIT\u00c9 DES DONN\u00c9ES\n<\/h2>\t\t<\/div>\n\t\t\t\t<\/div>\n\t\t\t\t<div class=\"elementor-element elementor-element-4e346a0 elementor-widget elementor-widget-text-editor\" data-id=\"4e346a0\" data-element_type=\"widget\" data-widget_type=\"text-editor.default\">\n\t\t\t\t<div class=\"elementor-widget-container\">\n\t\t\t\t\t\t\t<p>Toutes les informations que vous saisissez sont stock\u00e9es sur des serveurs en Suisse ou dans l\u2019Union europ\u00e9enne. Les paiements sont g\u00e9r\u00e9s par Stripe Inc., \u00e0 qui nous transmettons votre adresse e-mail, la liste des articles que vous achetez et leurs prix. Les informations de carte de cr\u00e9dit saisies via le formulaire de paiement vont directement \u00e0 Stripe; nous n\u2019avons pas acc\u00e8s \u00e0 ces donn\u00e9es. La d\u00e9claration de confidentialit\u00e9 de Stripe est disponible\u00a0<a href=\"https:\/\/stripe.com\/en-fr\/privacy\" target=\"_blank\" rel=\"noreferrer noopener\">ici<\/a>.<\/p>\n<p>Toute information transmise entre votre navigateur, ce site Web et la plateforme de paiement fournie par Stripe Inc. est crypt\u00e9e avant d\u2019\u00eatre transmise.<\/p>\t\t\t\t\t\t<\/div>\n\t\t\t\t<\/div>\n\t\t\t\t<div class=\"elementor-element elementor-element-ec560f0 elementor-widget-divider--view-line elementor-widget elementor-widget-divider\" data-id=\"ec560f0\" data-element_type=\"widget\" data-widget_type=\"divider.default\">\n\t\t\t\t<div class=\"elementor-widget-container\">\n\t\t\t\t\t<div class=\"elementor-divider\">\n\t\t\t<span class=\"elementor-divider-separator\">\n\t\t\t\t\t\t<\/span>\n\t\t<\/div>\n\t\t\t\t<\/div>\n\t\t\t\t<\/div>\n\t\t\t\t\t<\/div>\n\t\t\t\t<\/div>\n\t\t\t\t<\/div>\n\t\t","protected":false},"excerpt":{"rendered":"<p>BIO INKA Charte de confidentialit\u00e9 DONN\u00c9ES QUE NOUS COLLECTONS Nous &#8230;<\/p>\n","protected":false},"author":7,"featured_media":0,"parent":0,"menu_order":0,"comment_status":"closed","ping_status":"closed","template":"","meta":[],"acf":[],"yoast_head":"<!-- This site is optimized with the Yoast SEO Premium plugin v18.0 (Yoast SEO v21.8.1) - https:\/\/yoast.com\/wordpress\/plugins\/seo\/ -->\n<title>Privacy statement - Bio Inka<\/title>\n<meta name=\"robots\" content=\"index, follow, max-snippet:-1, max-image-preview:large, max-video-preview:-1\" \/>\n<link rel=\"canonical\" href=\"https:\/\/bioinka.ch\/en\/privacy-policy\/\" \/>\n<meta property=\"og:locale\" content=\"en_US\" \/>\n<meta property=\"og:type\" content=\"article\" \/>\n<meta property=\"og:title\" content=\"Privacy statement\" \/>\n<meta property=\"og:description\" content=\"BIO INKA Charte de confidentialit\u00e9 DONN\u00c9ES QUE NOUS COLLECTONS Nous ...\" \/>\n<meta property=\"og:url\" content=\"https:\/\/bioinka.ch\/en\/privacy-policy\/\" \/>\n<meta property=\"og:site_name\" content=\"Bio Inka\" \/>\n<meta property=\"article:publisher\" content=\"https:\/\/www.facebook.com\/bioinka.ch\" \/>\n<meta property=\"article:modified_time\" content=\"2023-06-02T15:06:28+00:00\" \/>\n<meta property=\"og:image\" content=\"https:\/\/bioinka.ch\/wp-content\/uploads\/2021\/08\/cropped-logo_shield.gif\" \/>\n\t<meta property=\"og:image:width\" content=\"512\" \/>\n\t<meta property=\"og:image:height\" content=\"512\" \/>\n\t<meta property=\"og:image:type\" content=\"image\/gif\" \/>\n<meta name=\"twitter:card\" content=\"summary_large_image\" \/>\n<script type=\"application\/ld+json\" class=\"yoast-schema-graph\">{\"@context\":\"https:\/\/schema.org\",\"@graph\":[{\"@type\":\"WebPage\",\"@id\":\"https:\/\/bioinka.ch\/en\/privacy-policy\/\",\"url\":\"https:\/\/bioinka.ch\/en\/privacy-policy\/\",\"name\":\"Privacy statement - Bio Inka\",\"isPartOf\":{\"@id\":\"https:\/\/bioinka.ch\/en\/#website\"},\"datePublished\":\"2021-12-19T16:23:04+00:00\",\"dateModified\":\"2023-06-02T15:06:28+00:00\",\"breadcrumb\":{\"@id\":\"https:\/\/bioinka.ch\/en\/privacy-policy\/#breadcrumb\"},\"inLanguage\":\"en-US\",\"potentialAction\":[{\"@type\":\"ReadAction\",\"target\":[\"https:\/\/bioinka.ch\/en\/privacy-policy\/\"]}]},{\"@type\":\"BreadcrumbList\",\"@id\":\"https:\/\/bioinka.ch\/en\/privacy-policy\/#breadcrumb\",\"itemListElement\":[{\"@type\":\"ListItem\",\"position\":1,\"name\":\"Accueil\",\"item\":\"https:\/\/bioinka.ch\/en\/\"},{\"@type\":\"ListItem\",\"position\":2,\"name\":\"Privacy statement\"}]},{\"@type\":\"WebSite\",\"@id\":\"https:\/\/bioinka.ch\/en\/#website\",\"url\":\"https:\/\/bioinka.ch\/en\/\",\"name\":\"Bio Inka\",\"description\":\"A taste of nature in every bite.\",\"publisher\":{\"@id\":\"https:\/\/bioinka.ch\/en\/#organization\"},\"potentialAction\":[{\"@type\":\"SearchAction\",\"target\":{\"@type\":\"EntryPoint\",\"urlTemplate\":\"https:\/\/bioinka.ch\/en\/?s={search_term_string}\"},\"query-input\":\"required name=search_term_string\"}],\"inLanguage\":\"en-US\"},{\"@type\":\"Organization\",\"@id\":\"https:\/\/bioinka.ch\/en\/#organization\",\"name\":\"Bio Inka\",\"url\":\"https:\/\/bioinka.ch\/en\/\",\"logo\":{\"@type\":\"ImageObject\",\"inLanguage\":\"en-US\",\"@id\":\"https:\/\/bioinka.ch\/en\/#\/schema\/logo\/image\/\",\"url\":\"https:\/\/bioinka.ch\/wp-content\/uploads\/2021\/08\/cropped-logo_shield.gif\",\"contentUrl\":\"https:\/\/bioinka.ch\/wp-content\/uploads\/2021\/08\/cropped-logo_shield.gif\",\"width\":512,\"height\":512,\"caption\":\"Bio Inka\"},\"image\":{\"@id\":\"https:\/\/bioinka.ch\/en\/#\/schema\/logo\/image\/\"},\"sameAs\":[\"https:\/\/www.facebook.com\/bioinka.ch\",\"https:\/\/www.instagram.com\/bioinka.ch\/\",\"https:\/\/www.youtube.com\/watch?v=mr22ZuQsL5I\"]}]}<\/script>\n<!-- \/ Yoast SEO Premium plugin. -->","yoast_head_json":{"title":"Privacy statement - Bio Inka","robots":{"index":"index","follow":"follow","max-snippet":"max-snippet:-1","max-image-preview":"max-image-preview:large","max-video-preview":"max-video-preview:-1"},"canonical":"https:\/\/bioinka.ch\/en\/privacy-policy\/","og_locale":"en_US","og_type":"article","og_title":"Privacy statement","og_description":"BIO INKA Charte de confidentialit\u00e9 DONN\u00c9ES QUE NOUS COLLECTONS Nous ...","og_url":"https:\/\/bioinka.ch\/en\/privacy-policy\/","og_site_name":"Bio Inka","article_publisher":"https:\/\/www.facebook.com\/bioinka.ch","article_modified_time":"2023-06-02T15:06:28+00:00","og_image":[{"width":512,"height":512,"url":"https:\/\/bioinka.ch\/wp-content\/uploads\/2021\/08\/cropped-logo_shield.gif","type":"image\/gif"}],"twitter_card":"summary_large_image","schema":{"@context":"https:\/\/schema.org","@graph":[{"@type":"WebPage","@id":"https:\/\/bioinka.ch\/en\/privacy-policy\/","url":"https:\/\/bioinka.ch\/en\/privacy-policy\/","name":"Privacy statement - Bio Inka","isPartOf":{"@id":"https:\/\/bioinka.ch\/en\/#website"},"datePublished":"2021-12-19T16:23:04+00:00","dateModified":"2023-06-02T15:06:28+00:00","breadcrumb":{"@id":"https:\/\/bioinka.ch\/en\/privacy-policy\/#breadcrumb"},"inLanguage":"en-US","potentialAction":[{"@type":"ReadAction","target":["https:\/\/bioinka.ch\/en\/privacy-policy\/"]}]},{"@type":"BreadcrumbList","@id":"https:\/\/bioinka.ch\/en\/privacy-policy\/#breadcrumb","itemListElement":[{"@type":"ListItem","position":1,"name":"Accueil","item":"https:\/\/bioinka.ch\/en\/"},{"@type":"ListItem","position":2,"name":"Privacy statement"}]},{"@type":"WebSite","@id":"https:\/\/bioinka.ch\/en\/#website","url":"https:\/\/bioinka.ch\/en\/","name":"Bio Inka","description":"A taste of nature in every bite.","publisher":{"@id":"https:\/\/bioinka.ch\/en\/#organization"},"potentialAction":[{"@type":"SearchAction","target":{"@type":"EntryPoint","urlTemplate":"https:\/\/bioinka.ch\/en\/?s={search_term_string}"},"query-input":"required name=search_term_string"}],"inLanguage":"en-US"},{"@type":"Organization","@id":"https:\/\/bioinka.ch\/en\/#organization","name":"Bio Inka","url":"https:\/\/bioinka.ch\/en\/","logo":{"@type":"ImageObject","inLanguage":"en-US","@id":"https:\/\/bioinka.ch\/en\/#\/schema\/logo\/image\/","url":"https:\/\/bioinka.ch\/wp-content\/uploads\/2021\/08\/cropped-logo_shield.gif","contentUrl":"https:\/\/bioinka.ch\/wp-content\/uploads\/2021\/08\/cropped-logo_shield.gif","width":512,"height":512,"caption":"Bio Inka"},"image":{"@id":"https:\/\/bioinka.ch\/en\/#\/schema\/logo\/image\/"},"sameAs":["https:\/\/www.facebook.com\/bioinka.ch","https:\/\/www.instagram.com\/bioinka.ch\/","https:\/\/www.youtube.com\/watch?v=mr22ZuQsL5I"]}]}},"_links":{"self":[{"href":"https:\/\/bioinka.ch\/en\/wp-json\/wp\/v2\/pages\/9478"}],"collection":[{"href":"https:\/\/bioinka.ch\/en\/wp-json\/wp\/v2\/pages"}],"about":[{"href":"https:\/\/bioinka.ch\/en\/wp-json\/wp\/v2\/types\/page"}],"author":[{"embeddable":true,"href":"https:\/\/bioinka.ch\/en\/wp-json\/wp\/v2\/users\/7"}],"replies":[{"embeddable":true,"href":"https:\/\/bioinka.ch\/en\/wp-json\/wp\/v2\/comments?post=9478"}],"version-history":[{"count":0,"href":"https:\/\/bioinka.ch\/en\/wp-json\/wp\/v2\/pages\/9478\/revisions"}],"wp:attachment":[{"href":"https:\/\/bioinka.ch\/en\/wp-json\/wp\/v2\/media?parent=9478"}],"curies":[{"name":"wp","href":"https:\/\/api.w.org\/{rel}","templated":true}]}}